{"id":3811,"date":"2024-04-06T11:51:41","date_gmt":"2024-04-06T11:51:41","guid":{"rendered":"https:\/\/www.bomdiaboattrips.com\/?page_id=3811"},"modified":"2025-05-01T11:34:39","modified_gmt":"2025-05-01T11:34:39","slug":"delfinbeobachtung-benagil-hoehle-2h30","status":"publish","type":"page","link":"https:\/\/www.bomdiaboattrips.com\/de\/home\/delfinbeobachtung-benagil-hoehle-2h30\/","title":{"rendered":"Delfinbeobachtung &amp; Benagil-H\u00f6hle &#8211; 2h30"},"content":{"rendered":"\n<h2 class=\"wp-block-heading has-large-font-size\">1 Reise, 2 magische Erlebnisse!<\/h2>\n\n\n\n<p>Kommen Sie an Bord des Hurricane f\u00fcr eine 2:30 Stunden Fahrt, um die ber\u00fchmteste Meeresgrotte der Algarve \u2013 \u201eAlgar de Benagil\u201c \u2013 zu treffen und machen Sie sich auf die Suche nach einer der sechs verschiedenen Delfinarten*, die in unseren Gew\u00e4ssern pr\u00e4sent und beobachtet werden! Majest\u00e4tische Tiere, beobachtet in ihrem nat\u00fcrlichen Lebensraum!<\/p>\n\n\n\n<p>Mit einem Expertenteam wird unser Meeresbiologe Sie w\u00e4hrend dieser Reise f\u00fchren, um diese 2 Momente zu erleben, die man in Lagos unbedingt machen muss!<\/p>\n\n\n\n<p><strong>* <\/strong><em>Unsere Erfolgsquote bei der Delfinbeobachtung liegt bei ~98%<\/em><\/p>\n\n\n\n<div class=\"wp-block-columns is-layout-flex wp-container-core-columns-is-layout-9d6595d7 wp-block-columns-is-layout-flex\">\n<div class=\"wp-block-column is-layout-flow wp-block-column-is-layout-flow\">\n<p><strong>NICHT GEEIGNET F\u00dcR SCHWANGERE FRAUEN ODER KINDER UNTER 2 JAHREN<\/strong><\/p>\n<\/div>\n<\/div>\n","protected":false},"excerpt":{"rendered":"<p>1 Reise, 2 magische Erlebnisse! Kommen Sie an Bord des Hurricane f\u00fcr eine 2:30 Stunden Fahrt, um die ber\u00fchmteste Meeresgrotte der Algarve \u2013 \u201eAlgar de Benagil\u201c \u2013 zu treffen und machen Sie sich auf die Suche nach einer der sechs verschiedenen Delfinarten*, die in unseren Gew\u00e4ssern pr\u00e4sent und beobachtet werden! Majest\u00e4tische Tiere, beobachtet in ihrem [&hellip;]<\/p>\n","protected":false},"author":9,"featured_media":3798,"parent":210,"menu_order":0,"comment_status":"closed","ping_status":"closed","template":"templates\/tour-template.php","meta":{"pgc_sgb_lightbox_settings":"","footnotes":""},"class_list":["post-3811","page","type-page","status-publish","has-post-thumbnail","hentry"],"aioseo_notices":[],"_links":{"self":[{"href":"https:\/\/www.bomdiaboattrips.com\/de\/wp-json\/wp\/v2\/pages\/3811","targetHints":{"allow":["GET"]}}],"collection":[{"href":"https:\/\/www.bomdiaboattrips.com\/de\/wp-json\/wp\/v2\/pages"}],"about":[{"href":"https:\/\/www.bomdiaboattrips.com\/de\/wp-json\/wp\/v2\/types\/page"}],"author":[{"embeddable":true,"href":"https:\/\/www.bomdiaboattrips.com\/de\/wp-json\/wp\/v2\/users\/9"}],"replies":[{"embeddable":true,"href":"https:\/\/www.bomdiaboattrips.com\/de\/wp-json\/wp\/v2\/comments?post=3811"}],"version-history":[{"count":0,"href":"https:\/\/www.bomdiaboattrips.com\/de\/wp-json\/wp\/v2\/pages\/3811\/revisions"}],"up":[{"embeddable":true,"href":"https:\/\/www.bomdiaboattrips.com\/de\/wp-json\/wp\/v2\/pages\/210"}],"wp:featuredmedia":[{"embeddable":true,"href":"https:\/\/www.bomdiaboattrips.com\/de\/wp-json\/wp\/v2\/media\/3798"}],"wp:attachment":[{"href":"https:\/\/www.bomdiaboattrips.com\/de\/wp-json\/wp\/v2\/media?parent=3811"}],"curies":[{"name":"wp","href":"https:\/\/api.w.org\/{rel}","templated":true}]}}