{"id":4090,"date":"2024-06-25T19:27:37","date_gmt":"2024-06-25T19:27:37","guid":{"rendered":"https:\/\/www.bomdiaboattrips.com\/?page_id=4090"},"modified":"2024-06-25T19:28:45","modified_gmt":"2024-06-25T19:28:45","slug":"alternative-streitbeilegung","status":"publish","type":"page","link":"https:\/\/www.bomdiaboattrips.com\/de\/alternative-streitbeilegung\/","title":{"rendered":"Alternative Streitbeilegung"},"content":{"rendered":"\n<p>Die Alternative Streitbeilegung im Verbraucherrecht umfasst Mediation, Schlichtung und Schiedsverfahren.<\/p>\n\n\n\n<h2 class=\"wp-block-heading\">Was sind Alternative Streitbeilegungsstellen f\u00fcr Verbraucher?<\/h2>\n\n\n\n<p>Es handelt sich haupts\u00e4chlich um Schlichtungsstellen f\u00fcr Verbraucherkonflikte, die Konflikte durch Mediations-, Schlichtungs- und Schiedsverfahren kostenlos oder zu reduzierten Kosten l\u00f6sen. Sie bieten kostenlose Informationen zu Verbraucherthemen an und stellen f\u00fcr alle Verbraucher die M\u00f6glichkeit dar, auf offizielle Stellen zur\u00fcckzugreifen, die ihnen bei der L\u00f6sung oder Beratung eines Konflikts helfen, bevor sie gerichtliche Verfahren einleiten.<\/p>\n\n\n\n<p>Die alternative Streitbeilegung ist in der Regel kosteng\u00fcnstiger, weniger formell und schneller als der Rechtsweg.<\/p>\n\n\n\n<h3 class=\"wp-block-heading\">Algarve<\/h3>\n\n\n\n<p>CIMAAL (Informations-, Mediations- und Schiedszentrum f\u00fcr Verbraucherkonflikte der Algarve)<br><a href=\"https:\/\/www.consumoalgarve.pt\/index.php\/pt\/\">www.consumoalgarve.pt\/index.php\/pt\/<\/a><\/p>\n\n\n\n<p>Av\u00aa. 5 de Outubro, Nr. 55, Erdgeschoss rechts<br>8000-075 Faro, Portugal<\/p>\n\n\n\n<p>Telefon: 289 823 135 (Anruf ins nationale Festnetz)<br>E-Mail: <a href=\"mailto:info@consumoalgarve.pt\">info@consumoalgarve.pt<\/a><\/p>\n\n\n\n<h2 class=\"wp-block-heading\">Andere Regionen<\/h2>\n\n\n\n<h3 class=\"wp-block-heading\">Porto<\/h3>\n\n\n\n<p>CICAP (Informations- und Schiedszentrum f\u00fcr Verbraucher in Porto)<br><a href=\"http:\/\/www.cicap.pt\">www.cicap.pt<\/a><\/p>\n\n\n\n<h3 class=\"wp-block-heading\">Zentrum<\/h3>\n\n\n\n<p>CACRC (Schiedszentrum f\u00fcr Konflikte in Coimbra)<br><a href=\"http:\/\/www.centrodearbitragemdecoimbra.com\">www.centrodearbitragemdecoimbra.com<\/a><\/p>\n\n\n\n<h3 class=\"wp-block-heading\">Lissabon<\/h3>\n\n\n\n<p>CACCL (Schiedszentrum f\u00fcr Verbraucherkonflikte in Lissabon)<br><a href=\"http:\/\/www.centroarbitragemlisboa.pt\">www.centroarbitragemlisboa.pt<\/a><\/p>\n\n\n\n<h3 class=\"wp-block-heading\">Alentejo<\/h3>\n\n\n\n<p>CNIACC (Nationales Informations- und Schiedszentrum f\u00fcr Verbraucherkonflikte)<\/p>\n\n\n\n<h3 class=\"wp-block-heading\">Madeira<\/h3>\n\n\n\n<p>CACCRAM (Schiedszentrum f\u00fcr Verbraucherkonflikte der Autonomen Region Madeira)<\/p>\n\n\n\n<p>F\u00fcr weitere Informationen k\u00f6nnen Sie das Verbraucherportal besuchen: <a href=\"https:\/\/www.consumoalgarve.pt\/index.php\/pt\/\">www.consumoalgarve.pt\/index.php\/pt\/<\/a><\/p>\n\n\n\n<h3 class=\"wp-block-heading\">Europ\u00e4ische Union<\/h3>\n\n\n\n<p>Die Europ\u00e4ische Union hat eine Website eingerichtet, um Verbraucher dabei zu unterst\u00fctzen, ihre Beschwerden \u00fcber alle Streitigkeiten einzureichen, an denen sie beteiligt sind.<\/p>\n\n\n\n<p><a href=\"https:\/\/ec.europa.eu\/consumers\/odr\/main\/index.cfm?event=main.home2.show&amp;lng=PT\">ec.europa.eu\/consumers\/odr\/main\/index.cfm?event=main.home2.show&amp;lng=PT<\/a><\/p>\n","protected":false},"excerpt":{"rendered":"<p>Die Alternative Streitbeilegung im Verbraucherrecht umfasst Mediation, Schlichtung und Schiedsverfahren. Was sind Alternative Streitbeilegungsstellen f\u00fcr Verbraucher? Es handelt sich haupts\u00e4chlich um Schlichtungsstellen f\u00fcr Verbraucherkonflikte, die Konflikte durch Mediations-, Schlichtungs- und Schiedsverfahren kostenlos oder zu reduzierten Kosten l\u00f6sen. Sie bieten kostenlose Informationen zu Verbraucherthemen an und stellen f\u00fcr alle Verbraucher die M\u00f6glichkeit dar, auf offizielle Stellen [&hellip;]<\/p>\n","protected":false},"author":9,"featured_media":0,"parent":0,"menu_order":4,"comment_status":"closed","ping_status":"closed","template":"","meta":{"pgc_sgb_lightbox_settings":"","footnotes":""},"class_list":["post-4090","page","type-page","status-publish","hentry"],"aioseo_notices":[],"_links":{"self":[{"href":"https:\/\/www.bomdiaboattrips.com\/de\/wp-json\/wp\/v2\/pages\/4090","targetHints":{"allow":["GET"]}}],"collection":[{"href":"https:\/\/www.bomdiaboattrips.com\/de\/wp-json\/wp\/v2\/pages"}],"about":[{"href":"https:\/\/www.bomdiaboattrips.com\/de\/wp-json\/wp\/v2\/types\/page"}],"author":[{"embeddable":true,"href":"https:\/\/www.bomdiaboattrips.com\/de\/wp-json\/wp\/v2\/users\/9"}],"replies":[{"embeddable":true,"href":"https:\/\/www.bomdiaboattrips.com\/de\/wp-json\/wp\/v2\/comments?post=4090"}],"version-history":[{"count":0,"href":"https:\/\/www.bomdiaboattrips.com\/de\/wp-json\/wp\/v2\/pages\/4090\/revisions"}],"wp:attachment":[{"href":"https:\/\/www.bomdiaboattrips.com\/de\/wp-json\/wp\/v2\/media?parent=4090"}],"curies":[{"name":"wp","href":"https:\/\/api.w.org\/{rel}","templated":true}]}}