{"id":395,"date":"2020-02-06T21:59:02","date_gmt":"2020-02-06T21:59:02","guid":{"rendered":"https:\/\/www.bomdiaboattrips.com\/kayak-tours\/"},"modified":"2025-05-01T12:24:05","modified_gmt":"2025-05-01T12:24:05","slug":"kayak-tours","status":"publish","type":"page","link":"https:\/\/www.bomdiaboattrips.com\/es\/home\/kayak-tours\/","title":{"rendered":"Kayak Tours &#8211; 2h15"},"content":{"rendered":"\n<p>Quiere explorer las cuevas de Ponta de Piedade en una excursi\u00f3n guiada en Kayak? Navegue com nosotros al largo de la maravillosa costa del Algarve, a bordo de nuestra embarcaci\u00f3n hast Ponta da Piedade, donde visitar\u00e1 las magn\u00edficas cuevas en Kayak, teniendo tiempo para un ban\u00f5, un ban\u00f5 de sol y una bebida. Con capacidade m\u00e1xima para 12 personas, tendr\u00e1 sempre esp\u00e1cio y comodidade a bordo de la embarcaci\u00f3n, as\u00ed como un pequen\u00f5 servicio de bar y cuarto de ban\u00f5. <\/p>\n\n\n\n<p>Solo o en fam\u00edlia, \u00fanase a nosotros. Duraci\u00f3n: aproximadamente 2h15<\/p>\n\n\n\n<div class=\"wp-block-columns are-vertically-aligned-top is-not-stacked-on-mobile is-layout-flex wp-container-core-columns-is-layout-9d6595d7 wp-block-columns-is-layout-flex\">\n<div class=\"wp-block-column is-vertically-aligned-top is-layout-flow wp-block-column-is-layout-flow\">\n<p class=\"has-medium-font-size\"><strong>Los horarios de salida pueden variar<\/strong><\/p>\n<\/div>\n<\/div>\n","protected":false},"excerpt":{"rendered":"<p>Quiere explorer las cuevas de Ponta de Piedade en una excursi\u00f3n guiada en Kayak? Navegue com nosotros al largo de la maravillosa costa del Algarve, a bordo de nuestra embarcaci\u00f3n hast Ponta da Piedade, donde visitar\u00e1 las magn\u00edficas cuevas en Kayak, teniendo tiempo para un ban\u00f5, un ban\u00f5 de sol y una bebida. Con capacidade [&hellip;]<\/p>\n","protected":false},"author":9,"featured_media":1002,"parent":298,"menu_order":0,"comment_status":"closed","ping_status":"closed","template":"templates\/tour-template.php","meta":{"pgc_sgb_lightbox_settings":"","footnotes":""},"class_list":["post-395","page","type-page","status-publish","has-post-thumbnail","hentry"],"aioseo_notices":[],"_links":{"self":[{"href":"https:\/\/www.bomdiaboattrips.com\/es\/wp-json\/wp\/v2\/pages\/395","targetHints":{"allow":["GET"]}}],"collection":[{"href":"https:\/\/www.bomdiaboattrips.com\/es\/wp-json\/wp\/v2\/pages"}],"about":[{"href":"https:\/\/www.bomdiaboattrips.com\/es\/wp-json\/wp\/v2\/types\/page"}],"author":[{"embeddable":true,"href":"https:\/\/www.bomdiaboattrips.com\/es\/wp-json\/wp\/v2\/users\/9"}],"replies":[{"embeddable":true,"href":"https:\/\/www.bomdiaboattrips.com\/es\/wp-json\/wp\/v2\/comments?post=395"}],"version-history":[{"count":0,"href":"https:\/\/www.bomdiaboattrips.com\/es\/wp-json\/wp\/v2\/pages\/395\/revisions"}],"up":[{"embeddable":true,"href":"https:\/\/www.bomdiaboattrips.com\/es\/wp-json\/wp\/v2\/pages\/298"}],"wp:featuredmedia":[{"embeddable":true,"href":"https:\/\/www.bomdiaboattrips.com\/es\/wp-json\/wp\/v2\/media\/1002"}],"wp:attachment":[{"href":"https:\/\/www.bomdiaboattrips.com\/es\/wp-json\/wp\/v2\/media?parent=395"}],"curies":[{"name":"wp","href":"https:\/\/api.w.org\/{rel}","templated":true}]}}