{"id":3040,"date":"2023-02-04T15:06:15","date_gmt":"2023-02-04T15:06:15","guid":{"rendered":"https:\/\/www.bomdiaboattrips.com\/home\/voyage-a-la-grotte-1h15\/"},"modified":"2025-04-29T19:08:19","modified_gmt":"2025-04-29T19:08:19","slug":"voyage-a-la-grotte-1h15","status":"publish","type":"page","link":"https:\/\/www.bomdiaboattrips.com\/fr\/home\/voyage-a-la-grotte-1h15\/","title":{"rendered":"Voyage \u00e0 la grotte &#8211; 1h15"},"content":{"rendered":"\n<p>French: Bom Dia exploite une jeune flotte de neuf bateaux de six m\u00e8tres pour nos tours de grotte de 1h15. De cette fa\u00e7on, nous pouvons offrir \u00e0 nos clients des d\u00e9parts presque personnalis\u00e9s. Sur l&rsquo;un de nos plus petits bateaux, nous vous emmenons le long de la c\u00f4te et dans les c\u00e9l\u00e8bres grottes de Ponta da Piedade.<\/p>\n\n\n\n<p>Le nage n&rsquo;est pas autoris\u00e9 pendant ce voyage. Ces bateaux ont une capacit\u00e9 maximale de 10 personnes.<\/p>\n","protected":false},"excerpt":{"rendered":"<p>French: Bom Dia exploite une jeune flotte de neuf bateaux de six m\u00e8tres pour nos tours de grotte de 1h15. De cette fa\u00e7on, nous pouvons offrir \u00e0 nos clients des d\u00e9parts presque personnalis\u00e9s. Sur l&rsquo;un de nos plus petits bateaux, nous vous emmenons le long de la c\u00f4te et dans les c\u00e9l\u00e8bres grottes de Ponta [&hellip;]<\/p>\n","protected":false},"author":8,"featured_media":5804,"parent":2667,"menu_order":0,"comment_status":"closed","ping_status":"closed","template":"templates\/tour-template.php","meta":{"pgc_sgb_lightbox_settings":"","footnotes":""},"class_list":["post-3040","page","type-page","status-publish","has-post-thumbnail","hentry"],"aioseo_notices":[],"_links":{"self":[{"href":"https:\/\/www.bomdiaboattrips.com\/fr\/wp-json\/wp\/v2\/pages\/3040","targetHints":{"allow":["GET"]}}],"collection":[{"href":"https:\/\/www.bomdiaboattrips.com\/fr\/wp-json\/wp\/v2\/pages"}],"about":[{"href":"https:\/\/www.bomdiaboattrips.com\/fr\/wp-json\/wp\/v2\/types\/page"}],"author":[{"embeddable":true,"href":"https:\/\/www.bomdiaboattrips.com\/fr\/wp-json\/wp\/v2\/users\/8"}],"replies":[{"embeddable":true,"href":"https:\/\/www.bomdiaboattrips.com\/fr\/wp-json\/wp\/v2\/comments?post=3040"}],"version-history":[{"count":0,"href":"https:\/\/www.bomdiaboattrips.com\/fr\/wp-json\/wp\/v2\/pages\/3040\/revisions"}],"up":[{"embeddable":true,"href":"https:\/\/www.bomdiaboattrips.com\/fr\/wp-json\/wp\/v2\/pages\/2667"}],"wp:featuredmedia":[{"embeddable":true,"href":"https:\/\/www.bomdiaboattrips.com\/fr\/wp-json\/wp\/v2\/media\/5804"}],"wp:attachment":[{"href":"https:\/\/www.bomdiaboattrips.com\/fr\/wp-json\/wp\/v2\/media?parent=3040"}],"curies":[{"name":"wp","href":"https:\/\/api.w.org\/{rel}","templated":true}]}}