{"id":3827,"date":"2024-04-06T12:12:24","date_gmt":"2024-04-06T12:12:24","guid":{"rendered":"https:\/\/www.bomdiaboattrips.com\/?page_id=3827"},"modified":"2025-05-01T11:35:17","modified_gmt":"2025-05-01T11:35:17","slug":"observacao-de-golfinhos-visita-a-gruta-de-benagil","status":"publish","type":"page","link":"https:\/\/www.bomdiaboattrips.com\/pt-pt\/home\/observacao-de-golfinhos-visita-a-gruta-de-benagil\/","title":{"rendered":"Observa\u00e7\u00e3o de Golfinhos &amp; Grutas de Benagil &#8211; 2h30\u00a0"},"content":{"rendered":"\n<h2 class=\"wp-block-heading has-large-font-size\">1 Viagem, 2 experi\u00eancias m\u00e1gicas!&nbsp;<\/h2>\n\n\n\n<p>Junte-se a n\u00f3s, a bordo do Hurricane, nesta viagem de 2 horas e meia, que o leva a visitar a Gruta Mar\u00edtima mais famosa do Algarve &#8211; &#8220;Algar de Benagil&#8221; &#8211; e, tamb\u00e9m \u00e0 procura de uma das seis esp\u00e9cies de Golfinhos* diferentes que avistamos nas nossas \u00e1guas algarvias! <\/p>\n\n\n\n<p>Animais majestosos, observados no seu habitat natural!&nbsp; Com uma equipa experiente a bordo, o nosso Bi\u00f3logo Marinho ir\u00e1 gui\u00e1-lo durante a viagem, para desfrutar ainda mais destes dois momentos a n\u00e3o perder em Lagos!<\/p>\n\n\n\n<p><strong>* <\/strong><em>O avistamento de golfinhos selvagens tem uma taxa de sucesso de ~98%<\/em><\/p>\n\n\n\n<div class=\"wp-block-columns is-layout-flex wp-container-core-columns-is-layout-9d6595d7 wp-block-columns-is-layout-flex\">\n<div class=\"wp-block-column is-layout-flow wp-block-column-is-layout-flow\">\n<p><strong><strong>N\u00c3O APROPRIADO PARA GESTANTES OU CRIAN\u00c7AS MENORES DE 2 ANOS<\/strong><\/strong><\/p>\n<\/div>\n<\/div>\n","protected":false},"excerpt":{"rendered":"<p>1 Viagem, 2 experi\u00eancias m\u00e1gicas!&nbsp; Junte-se a n\u00f3s, a bordo do Hurricane, nesta viagem de 2 horas e meia, que o leva a visitar a Gruta Mar\u00edtima mais famosa do Algarve &#8211; &#8220;Algar de Benagil&#8221; &#8211; e, tamb\u00e9m \u00e0 procura de uma das seis esp\u00e9cies de Golfinhos* diferentes que avistamos nas nossas \u00e1guas algarvias! Animais [&hellip;]<\/p>\n","protected":false},"author":9,"featured_media":3799,"parent":623,"menu_order":0,"comment_status":"closed","ping_status":"closed","template":"templates\/tour-template.php","meta":{"pgc_sgb_lightbox_settings":"","footnotes":""},"class_list":["post-3827","page","type-page","status-publish","has-post-thumbnail","hentry"],"aioseo_notices":[],"_links":{"self":[{"href":"https:\/\/www.bomdiaboattrips.com\/pt-pt\/wp-json\/wp\/v2\/pages\/3827","targetHints":{"allow":["GET"]}}],"collection":[{"href":"https:\/\/www.bomdiaboattrips.com\/pt-pt\/wp-json\/wp\/v2\/pages"}],"about":[{"href":"https:\/\/www.bomdiaboattrips.com\/pt-pt\/wp-json\/wp\/v2\/types\/page"}],"author":[{"embeddable":true,"href":"https:\/\/www.bomdiaboattrips.com\/pt-pt\/wp-json\/wp\/v2\/users\/9"}],"replies":[{"embeddable":true,"href":"https:\/\/www.bomdiaboattrips.com\/pt-pt\/wp-json\/wp\/v2\/comments?post=3827"}],"version-history":[{"count":0,"href":"https:\/\/www.bomdiaboattrips.com\/pt-pt\/wp-json\/wp\/v2\/pages\/3827\/revisions"}],"up":[{"embeddable":true,"href":"https:\/\/www.bomdiaboattrips.com\/pt-pt\/wp-json\/wp\/v2\/pages\/623"}],"wp:featuredmedia":[{"embeddable":true,"href":"https:\/\/www.bomdiaboattrips.com\/pt-pt\/wp-json\/wp\/v2\/media\/3799"}],"wp:attachment":[{"href":"https:\/\/www.bomdiaboattrips.com\/pt-pt\/wp-json\/wp\/v2\/media?parent=3827"}],"curies":[{"name":"wp","href":"https:\/\/api.w.org\/{rel}","templated":true}]}}