{"id":716,"date":"2020-02-06T21:59:02","date_gmt":"2020-02-06T21:59:02","guid":{"rendered":"https:\/\/www.bomdiaboattrips.com\/home\/kayak-tours\/"},"modified":"2025-05-01T12:21:58","modified_gmt":"2025-05-01T12:21:58","slug":"kayak-tours","status":"publish","type":"page","link":"https:\/\/www.bomdiaboattrips.com\/pt-pt\/home\/kayak-tours\/","title":{"rendered":"Passeios de Kayak &#8211; 2h15"},"content":{"rendered":"\n<p>Quer explorar as grutas da Ponta da Piedade num excurs\u00e3o guiada em Kayak? Navegue connosco ao longo da maravilhosa costa Algarvia, a bordo da nossa embarca\u00e7\u00e3o at\u00e9 \u00e0 Ponta da Piedade, onde ir\u00e1 visitar as magn\u00edficas grutas em Kayak, tendo ainda tempo para um mergulho, um banho de sol e uma bebida. Com lota\u00e7\u00e3o m\u00e1xima para 12 pessoas, ter\u00e1 sempre espa\u00e7o e comodidade a bordo da embarca\u00e7\u00e3o, bem como um pequeno&nbsp; servi\u00e7o de bar e casa de banho. <\/p>\n\n\n\n<p>Sozinho ou em fam\u00edlia, junte-se a n\u00f3s.  Dura\u00e7\u00e3o: Aproximadamente 2h15<\/p>\n\n\n\n<div class=\"wp-block-columns are-vertically-aligned-top is-not-stacked-on-mobile is-layout-flex wp-container-core-columns-is-layout-9d6595d7 wp-block-columns-is-layout-flex\">\n<div class=\"wp-block-column is-vertically-aligned-top is-layout-flow wp-block-column-is-layout-flow\">\n<p class=\"has-medium-font-size\"><strong>Os hor\u00e1rios de partida podem variar<\/strong><\/p>\n<\/div>\n<\/div>\n","protected":false},"excerpt":{"rendered":"<p>Quer explorar as grutas da Ponta da Piedade num excurs\u00e3o guiada em Kayak? Navegue connosco ao longo da maravilhosa costa Algarvia, a bordo da nossa embarca\u00e7\u00e3o at\u00e9 \u00e0 Ponta da Piedade, onde ir\u00e1 visitar as magn\u00edficas grutas em Kayak, tendo ainda tempo para um mergulho, um banho de sol e uma bebida. Com lota\u00e7\u00e3o m\u00e1xima [&hellip;]<\/p>\n","protected":false},"author":9,"featured_media":1001,"parent":623,"menu_order":0,"comment_status":"closed","ping_status":"closed","template":"templates\/tour-template.php","meta":{"pgc_sgb_lightbox_settings":"","footnotes":""},"class_list":["post-716","page","type-page","status-publish","has-post-thumbnail","hentry"],"aioseo_notices":[],"_links":{"self":[{"href":"https:\/\/www.bomdiaboattrips.com\/pt-pt\/wp-json\/wp\/v2\/pages\/716","targetHints":{"allow":["GET"]}}],"collection":[{"href":"https:\/\/www.bomdiaboattrips.com\/pt-pt\/wp-json\/wp\/v2\/pages"}],"about":[{"href":"https:\/\/www.bomdiaboattrips.com\/pt-pt\/wp-json\/wp\/v2\/types\/page"}],"author":[{"embeddable":true,"href":"https:\/\/www.bomdiaboattrips.com\/pt-pt\/wp-json\/wp\/v2\/users\/9"}],"replies":[{"embeddable":true,"href":"https:\/\/www.bomdiaboattrips.com\/pt-pt\/wp-json\/wp\/v2\/comments?post=716"}],"version-history":[{"count":0,"href":"https:\/\/www.bomdiaboattrips.com\/pt-pt\/wp-json\/wp\/v2\/pages\/716\/revisions"}],"up":[{"embeddable":true,"href":"https:\/\/www.bomdiaboattrips.com\/pt-pt\/wp-json\/wp\/v2\/pages\/623"}],"wp:featuredmedia":[{"embeddable":true,"href":"https:\/\/www.bomdiaboattrips.com\/pt-pt\/wp-json\/wp\/v2\/media\/1001"}],"wp:attachment":[{"href":"https:\/\/www.bomdiaboattrips.com\/pt-pt\/wp-json\/wp\/v2\/media?parent=716"}],"curies":[{"name":"wp","href":"https:\/\/api.w.org\/{rel}","templated":true}]}}